{"id":89,"date":"2025-07-15T15:05:10","date_gmt":"2025-07-15T15:05:10","guid":{"rendered":"http:\/\/viapinot.com\/?page_id=89"},"modified":"2025-07-16T19:59:36","modified_gmt":"2025-07-16T19:59:36","slug":"via-pinot","status":"publish","type":"page","link":"https:\/\/viapinot.com\/","title":{"rendered":"Via Pinot"},"content":{"rendered":"\t\t<div data-elementor-type=\"wp-page\" data-elementor-id=\"89\" class=\"elementor elementor-89\">\n\t\t\t\t<div class=\"elementor-element elementor-element-66ead7d e-con-full e-flex wpr-particle-no wpr-jarallax-no wpr-parallax-no wpr-sticky-section-no e-con e-parent\" data-id=\"66ead7d\" data-element_type=\"container\" data-settings=\"{&quot;background_background&quot;:&quot;slideshow&quot;,&quot;background_slideshow_gallery&quot;:[{&quot;id&quot;:62,&quot;url&quot;:&quot;http:\\\/\\\/viapinot.com\\\/wp-content\\\/uploads\\\/2025\\\/07\\\/Via-Pinot-Background.png&quot;}],&quot;background_slideshow_loop&quot;:&quot;yes&quot;,&quot;background_slideshow_slide_duration&quot;:5000,&quot;background_slideshow_slide_transition&quot;:&quot;fade&quot;,&quot;background_slideshow_transition_duration&quot;:500}\">\n\t\t\t\t<div class=\"elementor-element elementor-element-8d12e37 animated-slow elementor-invisible elementor-widget elementor-widget-image\" data-id=\"8d12e37\" data-element_type=\"widget\" data-settings=\"{&quot;_animation&quot;:&quot;fadeInUp&quot;}\" data-widget_type=\"image.default\">\n\t\t\t\t\t\t\t\t\t\t\t\t\t\t\t<img fetchpriority=\"high\" decoding=\"async\" width=\"637\" height=\"379\" src=\"https:\/\/viapinot.com\/wp-content\/uploads\/2025\/07\/Logo-Via-Pinot-dijon-1.png\" class=\"attachment-large size-large wp-image-119\" alt=\"Logo-Via-Pinot-dijon\" srcset=\"https:\/\/viapinot.com\/wp-content\/uploads\/2025\/07\/Logo-Via-Pinot-dijon-1.png 637w, https:\/\/viapinot.com\/wp-content\/uploads\/2025\/07\/Logo-Via-Pinot-dijon-1-300x178.png 300w\" sizes=\"(max-width: 637px) 100vw, 637px\" \/>\t\t\t\t\t\t\t\t\t\t\t\t\t\t\t<\/div>\n\t\t\t\t<div class=\"elementor-element elementor-element-df1e3c7 elementor-widget elementor-widget-heading\" data-id=\"df1e3c7\" data-element_type=\"widget\" data-widget_type=\"heading.default\">\n\t\t\t\t\t<h1 class=\"elementor-heading-title elementor-size-default\">NICOLAS DROUHIN<\/h1>\t\t\t\t<\/div>\n\t\t\t\t<div class=\"elementor-element elementor-element-d2470db elementor-widget elementor-widget-text-editor\" data-id=\"d2470db\" data-element_type=\"widget\" data-widget_type=\"text-editor.default\">\n\t\t\t\t\t\t\t\t\t<p><a href=\"mailto:nicolas@viapinot.com\">nicolas@viapinot.com<\/a><\/p>\t\t\t\t\t\t\t\t<\/div>\n\t\t\t\t<div class=\"elementor-element elementor-element-8f4e2fd elementor-widget elementor-widget-text-editor\" data-id=\"8f4e2fd\" data-element_type=\"widget\" data-widget_type=\"text-editor.default\">\n\t\t\t\t\t\t\t\t\t<p><a href=\"tel:+33630003975\">+33 6 30 00 39 75<\/a><\/p>\t\t\t\t\t\t\t\t<\/div>\n\t\t\t\t<\/div>\n\t\t<div class=\"elementor-element elementor-element-111664f e-flex e-con-boxed wpr-particle-no wpr-jarallax-no wpr-parallax-no wpr-sticky-section-no e-con e-parent\" data-id=\"111664f\" data-element_type=\"container\" data-settings=\"{&quot;background_background&quot;:&quot;classic&quot;}\">\n\t\t\t\t\t<div class=\"e-con-inner\">\n\t\t\t\t<div class=\"elementor-element elementor-element-16d9fd8 elementor-widget__width-initial elementor-widget-mobile__width-initial elementor-widget elementor-widget-text-editor\" data-id=\"16d9fd8\" data-element_type=\"widget\" data-widget_type=\"text-editor.default\">\n\t\t\t\t\t\t\t\t\t<p>\u00a9 <a href=\"https:\/\/www.pixecom.com\/\" target=\"_blank\" rel=\"noopener\">pixecom<\/a> 2025<\/p>\t\t\t\t\t\t\t\t<\/div>\n\t\t\t\t\t<\/div>\n\t\t\t\t<\/div>\n\t\t\t\t<\/div>\n\t\t","protected":false},"excerpt":{"rendered":"<p>NICOLAS DROUHIN nicolas@viapinot.com +33 6 30 00 39 75 \u00a9 pixecom 2025<\/p>\n","protected":false},"author":1,"featured_media":0,"parent":0,"menu_order":0,"comment_status":"closed","ping_status":"closed","template":"","meta":{"footnotes":""},"class_list":["post-89","page","type-page","status-publish","hentry"],"yoast_head":"<!-- This site is optimized with the Yoast SEO plugin v25.5 - https:\/\/yoast.com\/wordpress\/plugins\/seo\/ -->\n<title>Marchand de vins en Bourgogne \u00e0 Dijon | Via Pinot Nicolas Drouhin<\/title>\n<meta name=\"description\" content=\"Nicolas Drouhin est marchand de vins en Bourgogne \u00e0 Dijon et en Allemagne. D\u00e9couvrez Via Pinot et les services propos\u00e9es par Nicolas.\" \/>\n<meta name=\"robots\" content=\"index, follow, max-snippet:-1, max-image-preview:large, max-video-preview:-1\" \/>\n<link rel=\"canonical\" href=\"https:\/\/viapinot.com\/\" \/>\n<meta property=\"og:locale\" content=\"en_US\" \/>\n<meta property=\"og:type\" content=\"article\" \/>\n<meta property=\"og:title\" content=\"Marchand de vins en Bourgogne \u00e0 Dijon | Via Pinot Nicolas Drouhin\" \/>\n<meta property=\"og:description\" content=\"Nicolas Drouhin est marchand de vins en Bourgogne \u00e0 Dijon et en Allemagne. D\u00e9couvrez Via Pinot et les services propos\u00e9es par Nicolas.\" \/>\n<meta property=\"og:url\" content=\"https:\/\/viapinot.com\/\" \/>\n<meta property=\"article:modified_time\" content=\"2025-07-16T19:59:36+00:00\" \/>\n<meta property=\"og:image\" content=\"http:\/\/viapinot.com\/wp-content\/uploads\/2025\/07\/Logo-Via-Pinot-dijon-1.png\" \/>\n<meta name=\"twitter:card\" content=\"summary_large_image\" \/>\n<meta name=\"twitter:label1\" content=\"Est. reading time\" \/>\n\t<meta name=\"twitter:data1\" content=\"1 minute\" \/>\n<script type=\"application\/ld+json\" class=\"yoast-schema-graph\">{\"@context\":\"https:\/\/schema.org\",\"@graph\":[{\"@type\":\"WebPage\",\"@id\":\"https:\/\/viapinot.com\/\",\"url\":\"https:\/\/viapinot.com\/\",\"name\":\"Marchand de vins en Bourgogne \u00e0 Dijon | Via Pinot Nicolas Drouhin\",\"isPartOf\":{\"@id\":\"https:\/\/viapinot.com\/#website\"},\"primaryImageOfPage\":{\"@id\":\"https:\/\/viapinot.com\/#primaryimage\"},\"image\":{\"@id\":\"https:\/\/viapinot.com\/#primaryimage\"},\"thumbnailUrl\":\"http:\/\/viapinot.com\/wp-content\/uploads\/2025\/07\/Logo-Via-Pinot-dijon-1.png\",\"datePublished\":\"2025-07-15T15:05:10+00:00\",\"dateModified\":\"2025-07-16T19:59:36+00:00\",\"description\":\"Nicolas Drouhin est marchand de vins en Bourgogne \u00e0 Dijon et en Allemagne. D\u00e9couvrez Via Pinot et les services propos\u00e9es par Nicolas.\",\"breadcrumb\":{\"@id\":\"https:\/\/viapinot.com\/#breadcrumb\"},\"inLanguage\":\"en-US\",\"potentialAction\":[{\"@type\":\"ReadAction\",\"target\":[\"https:\/\/viapinot.com\/\"]}]},{\"@type\":\"ImageObject\",\"inLanguage\":\"en-US\",\"@id\":\"https:\/\/viapinot.com\/#primaryimage\",\"url\":\"https:\/\/viapinot.com\/wp-content\/uploads\/2025\/07\/Logo-Via-Pinot-dijon-1.png\",\"contentUrl\":\"https:\/\/viapinot.com\/wp-content\/uploads\/2025\/07\/Logo-Via-Pinot-dijon-1.png\",\"width\":637,\"height\":379,\"caption\":\"Logo-Via-Pinot-dijon\"},{\"@type\":\"BreadcrumbList\",\"@id\":\"https:\/\/viapinot.com\/#breadcrumb\",\"itemListElement\":[{\"@type\":\"ListItem\",\"position\":1,\"name\":\"Home\",\"item\":\"https:\/\/viapinot.com\/\"},{\"@type\":\"ListItem\",\"position\":2,\"name\":\"Via Pinot\"}]},{\"@type\":\"WebSite\",\"@id\":\"https:\/\/viapinot.com\/#website\",\"url\":\"https:\/\/viapinot.com\/\",\"name\":\"Via Pinot\",\"description\":\"\",\"publisher\":{\"@id\":\"https:\/\/viapinot.com\/#organization\"},\"potentialAction\":[{\"@type\":\"SearchAction\",\"target\":{\"@type\":\"EntryPoint\",\"urlTemplate\":\"https:\/\/viapinot.com\/?s={search_term_string}\"},\"query-input\":{\"@type\":\"PropertyValueSpecification\",\"valueRequired\":true,\"valueName\":\"search_term_string\"}}],\"inLanguage\":\"en-US\"},{\"@type\":\"Organization\",\"@id\":\"https:\/\/viapinot.com\/#organization\",\"name\":\"Via Pinot\",\"url\":\"https:\/\/viapinot.com\/\",\"logo\":{\"@type\":\"ImageObject\",\"inLanguage\":\"en-US\",\"@id\":\"https:\/\/viapinot.com\/#\/schema\/logo\/image\/\",\"url\":\"http:\/\/viapinot.com\/wp-content\/uploads\/2025\/07\/Logo-Via-Pinot.png\",\"contentUrl\":\"http:\/\/viapinot.com\/wp-content\/uploads\/2025\/07\/Logo-Via-Pinot.png\",\"width\":500,\"height\":232,\"caption\":\"Via Pinot\"},\"image\":{\"@id\":\"https:\/\/viapinot.com\/#\/schema\/logo\/image\/\"}}]}<\/script>\n<!-- \/ Yoast SEO plugin. -->","yoast_head_json":{"title":"Marchand de vins en Bourgogne \u00e0 Dijon | Via Pinot Nicolas Drouhin","description":"Nicolas Drouhin est marchand de vins en Bourgogne \u00e0 Dijon et en Allemagne. D\u00e9couvrez Via Pinot et les services propos\u00e9es par Nicolas.","robots":{"index":"index","follow":"follow","max-snippet":"max-snippet:-1","max-image-preview":"max-image-preview:large","max-video-preview":"max-video-preview:-1"},"canonical":"https:\/\/viapinot.com\/","og_locale":"en_US","og_type":"article","og_title":"Marchand de vins en Bourgogne \u00e0 Dijon | Via Pinot Nicolas Drouhin","og_description":"Nicolas Drouhin est marchand de vins en Bourgogne \u00e0 Dijon et en Allemagne. D\u00e9couvrez Via Pinot et les services propos\u00e9es par Nicolas.","og_url":"https:\/\/viapinot.com\/","article_modified_time":"2025-07-16T19:59:36+00:00","og_image":[{"url":"http:\/\/viapinot.com\/wp-content\/uploads\/2025\/07\/Logo-Via-Pinot-dijon-1.png","type":"","width":"","height":""}],"twitter_card":"summary_large_image","twitter_misc":{"Est. reading time":"1 minute"},"schema":{"@context":"https:\/\/schema.org","@graph":[{"@type":"WebPage","@id":"https:\/\/viapinot.com\/","url":"https:\/\/viapinot.com\/","name":"Marchand de vins en Bourgogne \u00e0 Dijon | Via Pinot Nicolas Drouhin","isPartOf":{"@id":"https:\/\/viapinot.com\/#website"},"primaryImageOfPage":{"@id":"https:\/\/viapinot.com\/#primaryimage"},"image":{"@id":"https:\/\/viapinot.com\/#primaryimage"},"thumbnailUrl":"http:\/\/viapinot.com\/wp-content\/uploads\/2025\/07\/Logo-Via-Pinot-dijon-1.png","datePublished":"2025-07-15T15:05:10+00:00","dateModified":"2025-07-16T19:59:36+00:00","description":"Nicolas Drouhin est marchand de vins en Bourgogne \u00e0 Dijon et en Allemagne. D\u00e9couvrez Via Pinot et les services propos\u00e9es par Nicolas.","breadcrumb":{"@id":"https:\/\/viapinot.com\/#breadcrumb"},"inLanguage":"en-US","potentialAction":[{"@type":"ReadAction","target":["https:\/\/viapinot.com\/"]}]},{"@type":"ImageObject","inLanguage":"en-US","@id":"https:\/\/viapinot.com\/#primaryimage","url":"https:\/\/viapinot.com\/wp-content\/uploads\/2025\/07\/Logo-Via-Pinot-dijon-1.png","contentUrl":"https:\/\/viapinot.com\/wp-content\/uploads\/2025\/07\/Logo-Via-Pinot-dijon-1.png","width":637,"height":379,"caption":"Logo-Via-Pinot-dijon"},{"@type":"BreadcrumbList","@id":"https:\/\/viapinot.com\/#breadcrumb","itemListElement":[{"@type":"ListItem","position":1,"name":"Home","item":"https:\/\/viapinot.com\/"},{"@type":"ListItem","position":2,"name":"Via Pinot"}]},{"@type":"WebSite","@id":"https:\/\/viapinot.com\/#website","url":"https:\/\/viapinot.com\/","name":"Via Pinot","description":"","publisher":{"@id":"https:\/\/viapinot.com\/#organization"},"potentialAction":[{"@type":"SearchAction","target":{"@type":"EntryPoint","urlTemplate":"https:\/\/viapinot.com\/?s={search_term_string}"},"query-input":{"@type":"PropertyValueSpecification","valueRequired":true,"valueName":"search_term_string"}}],"inLanguage":"en-US"},{"@type":"Organization","@id":"https:\/\/viapinot.com\/#organization","name":"Via Pinot","url":"https:\/\/viapinot.com\/","logo":{"@type":"ImageObject","inLanguage":"en-US","@id":"https:\/\/viapinot.com\/#\/schema\/logo\/image\/","url":"http:\/\/viapinot.com\/wp-content\/uploads\/2025\/07\/Logo-Via-Pinot.png","contentUrl":"http:\/\/viapinot.com\/wp-content\/uploads\/2025\/07\/Logo-Via-Pinot.png","width":500,"height":232,"caption":"Via Pinot"},"image":{"@id":"https:\/\/viapinot.com\/#\/schema\/logo\/image\/"}}]}},"_links":{"self":[{"href":"https:\/\/viapinot.com\/index.php?rest_route=\/wp\/v2\/pages\/89","targetHints":{"allow":["GET"]}}],"collection":[{"href":"https:\/\/viapinot.com\/index.php?rest_route=\/wp\/v2\/pages"}],"about":[{"href":"https:\/\/viapinot.com\/index.php?rest_route=\/wp\/v2\/types\/page"}],"author":[{"embeddable":true,"href":"https:\/\/viapinot.com\/index.php?rest_route=\/wp\/v2\/users\/1"}],"replies":[{"embeddable":true,"href":"https:\/\/viapinot.com\/index.php?rest_route=%2Fwp%2Fv2%2Fcomments&post=89"}],"version-history":[{"count":32,"href":"https:\/\/viapinot.com\/index.php?rest_route=\/wp\/v2\/pages\/89\/revisions"}],"predecessor-version":[{"id":134,"href":"https:\/\/viapinot.com\/index.php?rest_route=\/wp\/v2\/pages\/89\/revisions\/134"}],"wp:attachment":[{"href":"https:\/\/viapinot.com\/index.php?rest_route=%2Fwp%2Fv2%2Fmedia&parent=89"}],"curies":[{"name":"wp","href":"https:\/\/api.w.org\/{rel}","templated":true}]}}